{"id":222,"date":"2024-06-28T08:48:48","date_gmt":"2024-06-28T06:48:48","guid":{"rendered":"https:\/\/vtec.site-demo.ch\/startseite\/"},"modified":"2024-06-28T10:10:47","modified_gmt":"2024-06-28T08:10:47","slug":"startseite","status":"publish","type":"page","link":"https:\/\/vtec.site-demo.ch\/de\/","title":{"rendered":"Startseite"},"content":{"rendered":"\t\t<div data-elementor-type=\"wp-page\" data-elementor-id=\"222\" class=\"elementor elementor-222 elementor-129\" data-elementor-post-type=\"page\">\n\t\t\t\t\t\t<section class=\"elementor-section elementor-top-section elementor-element elementor-element-d5a6d77 elementor-section-boxed elementor-section-height-default elementor-section-height-default\" data-id=\"d5a6d77\" data-element_type=\"section\" data-e-type=\"section\">\n\t\t\t\t\t\t<div class=\"elementor-container elementor-column-gap-default\">\n\t\t\t\t\t<div class=\"elementor-column elementor-col-100 elementor-top-column elementor-element elementor-element-45a4435\" data-id=\"45a4435\" data-element_type=\"column\" data-e-type=\"column\">\n\t\t\t<div class=\"elementor-widget-wrap elementor-element-populated\">\n\t\t\t\t\t\t<div class=\"elementor-element elementor-element-b93314b menu-align-flex-start elementor-widget elementor-widget-taxonomy-terms-menu\" data-id=\"b93314b\" data-element_type=\"widget\" data-e-type=\"widget\" data-widget_type=\"taxonomy-terms-menu.default\">\n\t\t\t\t<div class=\"elementor-widget-container\">\n\t\t\t\t\t<nav class=\"dce-menu dce-flex-menu vertical\"><ul class=\"first-level\"><li class=\"dce-term-43\"><a href=\"https:\/\/vtec.site-demo.ch\/de\/category_display\/12x2-displays-lcd\/\"><span>12x2 (1)<\/span><\/a><\/li><li class=\"dce-term-44\"><a href=\"https:\/\/vtec.site-demo.ch\/de\/category_display\/displays-lcd\/\"><span>LCD-Displays (1)<\/span><\/a><\/li><li class=\"dce-term-47\"><a href=\"https:\/\/vtec.site-demo.ch\/de\/category_display\/led-repeater\/\"><span>LED-Repeater (1)<\/span><\/a><\/li><li class=\"dce-term-49\"><a href=\"https:\/\/vtec.site-demo.ch\/de\/category_display\/7x2-displays-lcd\/\"><span>7x2 (0)<\/span><\/a><\/li><li class=\"dce-term-51\"><a href=\"https:\/\/vtec.site-demo.ch\/de\/category_display\/8x1-displays-lcd\/\"><span>8x1 (0)<\/span><\/a><\/li><li class=\"dce-term-53\"><a href=\"https:\/\/vtec.site-demo.ch\/de\/category_display\/8x2-displays-lcd\/\"><span>8x2 (0)<\/span><\/a><\/li><li class=\"dce-term-55\"><a href=\"https:\/\/vtec.site-demo.ch\/de\/category_display\/10x1-displays-lcd\/\"><span>10x1 (0)<\/span><\/a><\/li><li class=\"dce-term-57\"><a href=\"https:\/\/vtec.site-demo.ch\/de\/category_display\/10x2-de\/\"><span>10x2 (0)<\/span><\/a><\/li><li class=\"dce-term-70\"><a href=\"https:\/\/vtec.site-demo.ch\/de\/category_display\/10x4-displays-lcd\/\"><span>10x4 (0)<\/span><\/a><\/li><li class=\"dce-term-71\"><a href=\"https:\/\/vtec.site-demo.ch\/de\/category_display\/16x1-displays-lcd\/\"><span>16x1 (0)<\/span><\/a><\/li><li class=\"dce-term-72\"><a href=\"https:\/\/vtec.site-demo.ch\/de\/category_display\/16x2-displays-lcd\/\"><span>16x2 (0)<\/span><\/a><\/li><li class=\"dce-term-73\"><a href=\"https:\/\/vtec.site-demo.ch\/de\/category_display\/16x4-displays-lcd\/\"><span>16x4 (0)<\/span><\/a><\/li><li class=\"dce-term-74\"><a href=\"https:\/\/vtec.site-demo.ch\/de\/category_display\/20x2-displays-lcd\/\"><span>20x2 (0)<\/span><\/a><\/li><li class=\"dce-term-75\"><a href=\"https:\/\/vtec.site-demo.ch\/de\/category_display\/20x4-displays-lcd\/\"><span>20x4 (0)<\/span><\/a><\/li><li class=\"dce-term-76\"><a href=\"https:\/\/vtec.site-demo.ch\/de\/category_display\/24x2-displays-lcd\/\"><span>24x2 (0)<\/span><\/a><\/li><li class=\"dce-term-77\"><a href=\"https:\/\/vtec.site-demo.ch\/de\/category_display\/40x2-displays-lcd\/\"><span>40x2 (0)<\/span><\/a><\/li><li class=\"dce-term-78\"><a href=\"https:\/\/vtec.site-demo.ch\/de\/category_display\/40x4-displays-lcd\/\"><span>40x4 (0)<\/span><\/a><\/li><li class=\"dce-term-79\"><a href=\"https:\/\/vtec.site-demo.ch\/de\/category_display\/68x4-displays-lcd\/\"><span>68x4 (0)<\/span><\/a><\/li><li class=\"dce-term-80\"><a href=\"https:\/\/vtec.site-demo.ch\/de\/category_display\/optiparking-displays\/\"><span>OptiParking (0)<\/span><\/a><\/li><li class=\"dce-term-81\"><a href=\"https:\/\/vtec.site-demo.ch\/de\/category_display\/v10-repeater-led\/\"><span>V10 (0)<\/span><\/a><\/li><li class=\"dce-term-86\"><a href=\"https:\/\/vtec.site-demo.ch\/de\/category_display\/v20-repeater-led\/\"><span>V20 (0)<\/span><\/a><\/li><li class=\"dce-term-87\"><a href=\"https:\/\/vtec.site-demo.ch\/de\/category_display\/v25-repeater-led\/\"><span>V25 (0)<\/span><\/a><\/li><li class=\"dce-term-88\"><a href=\"https:\/\/vtec.site-demo.ch\/de\/category_display\/v60-repeater-led\/\"><span>V60 (1)<\/span><\/a><\/li><li class=\"dce-term-89\"><a href=\"https:\/\/vtec.site-demo.ch\/de\/category_display\/v100-repeater-led\/\"><span>V100 (0)<\/span><\/a><\/li><\/ul><\/nav>\t\t\t\t<\/div>\n\t\t\t\t<\/div>\n\t\t\t\t\t<\/div>\n\t\t<\/div>\n\t\t\t\t\t<\/div>\n\t\t<\/section>\n\t\t\t\t<\/div>\n\t\t","protected":false},"excerpt":{"rendered":"<p>R\u00e9p\u00e9titeurs \u00e0 LED (1) V100 (1) V60 (0) V25 (0) V10 (0) V20 (0) Afficheurs LCD (2) 7&#215;2 (0) 8&#215;1 (0) 8&#215;2 (0) 10&#215;1 (0) 10&#215;2 (1) 10&#215;4 (0) 12&#215;2 (1) 16&#215;1 (0) 16&#215;2 (0) 16&#215;4 (0) 20&#215;2 (0) 20&#215;4 (0) 24&#215;2 (0) 40&#215;2 (0) 40&#215;4 (0) 68&#215;4 (0) OptiParking (0)<\/p>\n","protected":false},"author":1,"featured_media":0,"parent":0,"menu_order":0,"comment_status":"closed","ping_status":"closed","template":"","meta":{"_acf_changed":false,"footnotes":""},"class_list":["post-222","page","type-page","status-publish","hentry"],"acf":[],"_links":{"self":[{"href":"https:\/\/vtec.site-demo.ch\/de\/wp-json\/wp\/v2\/pages\/222","targetHints":{"allow":["GET"]}}],"collection":[{"href":"https:\/\/vtec.site-demo.ch\/de\/wp-json\/wp\/v2\/pages"}],"about":[{"href":"https:\/\/vtec.site-demo.ch\/de\/wp-json\/wp\/v2\/types\/page"}],"author":[{"embeddable":true,"href":"https:\/\/vtec.site-demo.ch\/de\/wp-json\/wp\/v2\/users\/1"}],"replies":[{"embeddable":true,"href":"https:\/\/vtec.site-demo.ch\/de\/wp-json\/wp\/v2\/comments?post=222"}],"version-history":[{"count":2,"href":"https:\/\/vtec.site-demo.ch\/de\/wp-json\/wp\/v2\/pages\/222\/revisions"}],"predecessor-version":[{"id":228,"href":"https:\/\/vtec.site-demo.ch\/de\/wp-json\/wp\/v2\/pages\/222\/revisions\/228"}],"wp:attachment":[{"href":"https:\/\/vtec.site-demo.ch\/de\/wp-json\/wp\/v2\/media?parent=222"}],"curies":[{"name":"wp","href":"https:\/\/api.w.org\/{rel}","templated":true}]}}