{"id":220,"date":"2024-06-28T08:48:48","date_gmt":"2024-06-28T06:48:48","guid":{"rendered":"https:\/\/vtec.site-demo.ch\/home\/"},"modified":"2025-01-07T16:53:16","modified_gmt":"2025-01-07T15:53:16","slug":"home","status":"publish","type":"page","link":"https:\/\/vtec.site-demo.ch\/en\/","title":{"rendered":"Home"},"content":{"rendered":"\t\t<div data-elementor-type=\"wp-page\" data-elementor-id=\"220\" class=\"elementor elementor-220 elementor-129\" data-elementor-post-type=\"page\">\n\t\t\t\t\t\t<section class=\"elementor-section elementor-top-section elementor-element elementor-element-d5a6d77 elementor-section-boxed elementor-section-height-default elementor-section-height-default\" data-id=\"d5a6d77\" data-element_type=\"section\" data-e-type=\"section\">\n\t\t\t\t\t\t<div class=\"elementor-container elementor-column-gap-default\">\n\t\t\t\t\t<div class=\"elementor-column elementor-col-100 elementor-top-column elementor-element elementor-element-45a4435\" data-id=\"45a4435\" data-element_type=\"column\" data-e-type=\"column\">\n\t\t\t<div class=\"elementor-widget-wrap elementor-element-populated\">\n\t\t\t\t\t\t<div class=\"elementor-element elementor-element-b93314b menu-align-flex-start elementor-widget elementor-widget-taxonomy-terms-menu\" data-id=\"b93314b\" data-element_type=\"widget\" data-e-type=\"widget\" data-widget_type=\"taxonomy-terms-menu.default\">\n\t\t\t\t<div class=\"elementor-widget-container\">\n\t\t\t\t\t<nav class=\"dce-menu dce-flex-menu vertical\"><ul class=\"first-level\"><li class=\"dce-term-41\"><a href=\"https:\/\/vtec.site-demo.ch\/en\/category_display\/lcd-displays\/\"><span>LCD displays (1)<\/span><\/a><\/li><li class=\"dce-term-42\"><a href=\"https:\/\/vtec.site-demo.ch\/en\/category_display\/12x2-lcd-displays\/\"><span>12x2 (1)<\/span><\/a><\/li><li class=\"dce-term-46\"><a href=\"https:\/\/vtec.site-demo.ch\/en\/category_display\/led-repeaters\/\"><span>LED repeaters (1)<\/span><\/a><\/li><li class=\"dce-term-48\"><a href=\"https:\/\/vtec.site-demo.ch\/en\/category_display\/7x2-lcd-displays\/\"><span>7x2 (0)<\/span><\/a><\/li><li class=\"dce-term-50\"><a href=\"https:\/\/vtec.site-demo.ch\/en\/category_display\/8x1-lcd-displays\/\"><span>8x1 (0)<\/span><\/a><\/li><li class=\"dce-term-52\"><a href=\"https:\/\/vtec.site-demo.ch\/en\/category_display\/8x2-lcd-displays\/\"><span>8x2 (0)<\/span><\/a><\/li><li class=\"dce-term-54\"><a href=\"https:\/\/vtec.site-demo.ch\/en\/category_display\/10x1-lcd-displays\/\"><span>10x1 (0)<\/span><\/a><\/li><li class=\"dce-term-56\"><a href=\"https:\/\/vtec.site-demo.ch\/en\/category_display\/10x2-lcd-displays\/\"><span>10x2 (0)<\/span><\/a><\/li><li class=\"dce-term-58\"><a href=\"https:\/\/vtec.site-demo.ch\/en\/category_display\/10x4-lcd-displays\/\"><span>10x4 (0)<\/span><\/a><\/li><li class=\"dce-term-59\"><a href=\"https:\/\/vtec.site-demo.ch\/en\/category_display\/16x1-lcd-displays\/\"><span>16x1 (0)<\/span><\/a><\/li><li class=\"dce-term-60\"><a href=\"https:\/\/vtec.site-demo.ch\/en\/category_display\/16x2-lcd-displays\/\"><span>16x2 (0)<\/span><\/a><\/li><li class=\"dce-term-61\"><a href=\"https:\/\/vtec.site-demo.ch\/en\/category_display\/16x4-lcd-displays\/\"><span>16x4 (0)<\/span><\/a><\/li><li class=\"dce-term-62\"><a href=\"https:\/\/vtec.site-demo.ch\/en\/category_display\/20x2-lcd-displays\/\"><span>20x2 (0)<\/span><\/a><\/li><li class=\"dce-term-63\"><a href=\"https:\/\/vtec.site-demo.ch\/en\/category_display\/20x4-lcd-displays\/\"><span>20x4 (0)<\/span><\/a><\/li><li class=\"dce-term-64\"><a href=\"https:\/\/vtec.site-demo.ch\/en\/category_display\/24x2-lcd-displays\/\"><span>24x2 (0)<\/span><\/a><\/li><li class=\"dce-term-65\"><a href=\"https:\/\/vtec.site-demo.ch\/en\/category_display\/40x2-lcd-displays\/\"><span>40x2 (0)<\/span><\/a><\/li><li class=\"dce-term-66\"><a href=\"https:\/\/vtec.site-demo.ch\/en\/category_display\/40x4-lcd-displays\/\"><span>40x4 (0)<\/span><\/a><\/li><li class=\"dce-term-67\"><a href=\"https:\/\/vtec.site-demo.ch\/en\/category_display\/68x4-lcd-displays\/\"><span>68x4 (0)<\/span><\/a><\/li><li class=\"dce-term-68\"><a href=\"https:\/\/vtec.site-demo.ch\/en\/category_display\/optiparking-display\/\"><span>OptiParking (0)<\/span><\/a><\/li><li class=\"dce-term-69\"><a href=\"https:\/\/vtec.site-demo.ch\/en\/category_display\/v10-led-repeaters\/\"><span>V10 (0)<\/span><\/a><\/li><li class=\"dce-term-82\"><a href=\"https:\/\/vtec.site-demo.ch\/en\/category_display\/v20-led-repeaters\/\"><span>V20 (0)<\/span><\/a><\/li><li class=\"dce-term-83\"><a href=\"https:\/\/vtec.site-demo.ch\/en\/category_display\/v25-led-repeaters\/\"><span>V25 (0)<\/span><\/a><\/li><li class=\"dce-term-84\"><a href=\"https:\/\/vtec.site-demo.ch\/en\/category_display\/v60-led-repeaters\/\"><span>V60 (1)<\/span><\/a><\/li><li class=\"dce-term-85\"><a href=\"https:\/\/vtec.site-demo.ch\/en\/category_display\/v100-led-repeaters\/\"><span>V100 (0)<\/span><\/a><\/li><\/ul><\/nav>\t\t\t\t<\/div>\n\t\t\t\t<\/div>\n\t\t\t\t\t<\/div>\n\t\t<\/div>\n\t\t\t\t\t<\/div>\n\t\t<\/section>\n\t\t\t\t<\/div>\n\t\t","protected":false},"excerpt":{"rendered":"<p>R\u00e9p\u00e9titeurs \u00e0 LED (1) V100 (1) V60 (0) V25 (0) V10 (0) V20 (0) Afficheurs LCD (2) 7&#215;2 (0) 8&#215;1 (0) 8&#215;2 (0) 10&#215;1 (0) 10&#215;2 (1) 10&#215;4 (0) 12&#215;2 (1) 16&#215;1 (0) 16&#215;2 (0) 16&#215;4 (0) 20&#215;2 (0) 20&#215;4 (0) 24&#215;2 (0) 40&#215;2 (0) 40&#215;4 (0) 68&#215;4 (0) OptiParking (0)<\/p>\n","protected":false},"author":1,"featured_media":0,"parent":0,"menu_order":0,"comment_status":"closed","ping_status":"closed","template":"","meta":{"_acf_changed":false,"footnotes":""},"class_list":["post-220","page","type-page","status-publish","hentry"],"acf":[],"_links":{"self":[{"href":"https:\/\/vtec.site-demo.ch\/en\/wp-json\/wp\/v2\/pages\/220","targetHints":{"allow":["GET"]}}],"collection":[{"href":"https:\/\/vtec.site-demo.ch\/en\/wp-json\/wp\/v2\/pages"}],"about":[{"href":"https:\/\/vtec.site-demo.ch\/en\/wp-json\/wp\/v2\/types\/page"}],"author":[{"embeddable":true,"href":"https:\/\/vtec.site-demo.ch\/en\/wp-json\/wp\/v2\/users\/1"}],"replies":[{"embeddable":true,"href":"https:\/\/vtec.site-demo.ch\/en\/wp-json\/wp\/v2\/comments?post=220"}],"version-history":[{"count":4,"href":"https:\/\/vtec.site-demo.ch\/en\/wp-json\/wp\/v2\/pages\/220\/revisions"}],"predecessor-version":[{"id":841,"href":"https:\/\/vtec.site-demo.ch\/en\/wp-json\/wp\/v2\/pages\/220\/revisions\/841"}],"wp:attachment":[{"href":"https:\/\/vtec.site-demo.ch\/en\/wp-json\/wp\/v2\/media?parent=220"}],"curies":[{"name":"wp","href":"https:\/\/api.w.org\/{rel}","templated":true}]}}